{"id":9,"date":"2026-04-18T08:39:45","date_gmt":"2026-04-18T08:39:45","guid":{"rendered":"https:\/\/tindung.adsdigi.com\/?page_id=9"},"modified":"2026-04-18T10:00:22","modified_gmt":"2026-04-18T10:00:22","slug":"trang-chu","status":"publish","type":"page","link":"https:\/\/tindung.adsdigi.com\/","title":{"rendered":"Trang ch\u1ee7"},"content":{"rendered":"\t\t<div data-elementor-type=\"wp-page\" data-elementor-id=\"9\" class=\"elementor elementor-9\" data-elementor-post-type=\"page\">\n\t\t\t\t<div class=\"elementor-element elementor-element-642e7c9 e-flex e-con-boxed e-con e-parent\" data-id=\"642e7c9\" data-element_type=\"container\" data-settings=\"{&quot;background_background&quot;:&quot;video&quot;,&quot;background_video_link&quot;:&quot;https:\\\/\\\/tindung.adsdigi.com\\\/wp-content\\\/uploads\\\/2026\\\/04\\\/7736908353992.mp4&quot;}\">\n\t\t\t\t\t<div class=\"e-con-inner\">\n\t\t<div class=\"elementor-background-video-container elementor-hidden-mobile\" aria-hidden=\"true\">\n\t\t\t\t\t\t\t<video class=\"elementor-background-video-hosted\" autoplay muted playsinline loop><\/video>\n\t\t\t\t\t<\/div>\t\t<div class=\"elementor-element elementor-element-aa14d6e elementor-widget elementor-widget-text-editor\" data-id=\"aa14d6e\" data-element_type=\"widget\" data-widget_type=\"text-editor.default\">\n\t\t\t\t\t\t\t\t\t<div class=\"hero-section\"><div class=\"content-wrapper\"><h1 class=\"main-title\"><span class=\"line-1\">N\u01a1i V\u1ebb \u0110\u1eb9p<\/span><br \/><span class=\"line-2\">Tr\u1edf Th\u00e0nh<\/span><br \/><span class=\"line-3\">NGH\u1ec6 THU\u1eacT<\/span><\/h1><p class=\"description\">Viet Boss Beauty Salon Hair &amp; Tattoo \u2013 \u0110\u1ecba ch\u1ec9 c\u1eaft t\u00f3c ng\u1eafn &amp; ph\u1ee5c h\u1ed3i t\u00f3c chuy\u00ean s\u00e2u \u0111\u01b0\u1ee3c tin ch\u1ecdn s\u1ed1 1 t\u1ea1i Nha Trang. M\u1ed7i m\u00e1i t\u00f3c l\u00e0 m\u1ed9t t\u00e1c ph\u1ea9m ngh\u1ec7 thu\u1eadt.<\/p><div class=\"stats-container\"><div class=\"stat-item\"><span class=\"label\">TH\u1eacP K\u1ef6 CHUY\u00caN M\u00d4N<\/span><br \/><span class=\"value\">T\u1eeb 2014<\/span><\/div><div class=\"stat-item\"><span class=\"label\">H\u00c0N NG\u00c0N NI\u1ec0M TIN<\/span><br \/><span class=\"value\">Kh\u00e1ch h\u00e0ng h\u00e0i l\u00f2ng<\/span><\/div><div class=\"stat-item\"><span class=\"label\">\u0110\u1ec8NH CAO T\u1ea0O M\u1eaaU<\/span><br \/><span class=\"value\">Chuy\u00ean s\u00e2u Nha Trang<\/span><\/div><\/div><\/div><\/div>\t\t\t\t\t\t\t\t<\/div>\n\t\t\t\t\t<\/div>\n\t\t\t\t<\/div>\n\t\t<div class=\"elementor-element elementor-element-2ce9c99 e-flex e-con-boxed e-con e-parent\" data-id=\"2ce9c99\" data-element_type=\"container\">\n\t\t\t\t\t<div class=\"e-con-inner\">\n\t\t<div class=\"elementor-element elementor-element-731ca7e e-grid e-con-full e-con e-child\" data-id=\"731ca7e\" data-element_type=\"container\" data-settings=\"{&quot;background_background&quot;:&quot;classic&quot;}\">\n\t\t<div class=\"elementor-element elementor-element-123f9c5 e-con-full e-flex e-con e-child\" data-id=\"123f9c5\" data-element_type=\"container\">\n\t\t\t\t<div class=\"elementor-element elementor-element-74266d5 elementor-widget elementor-widget-heading\" data-id=\"74266d5\" data-element_type=\"widget\" data-widget_type=\"heading.default\">\n\t\t\t\t\t<h2 class=\"elementor-heading-title elementor-size-default\">Gi\u1edbi thi\u1ec7u v\u1ec1\n<br> \nViet boss Hair Salon<\/h2>\t\t\t\t<\/div>\n\t\t\t\t<div class=\"elementor-element elementor-element-b0798ee elementor-widget elementor-widget-text-editor\" data-id=\"b0798ee\" data-element_type=\"widget\" data-widget_type=\"text-editor.default\">\n\t\t\t\t\t\t\t\t\t<p class=\"reveal active\">Viet Boss Beauty Salon Hair &amp; Tattoo \u0111\u01b0\u1ee3c xem l\u00e0 \u0111\u1ecba ch\u1ec9 c\u1eaft t\u00f3c ng\u1eafn cho n\u1eef \u0111\u1eb9p s\u1ed1 1 t\u1ea1i th\u00e0nh ph\u1ed1 Nha Trang. Salon n\u00e0y kh\u00f4ng ch\u1ec9 n\u1ed5i b\u1eadt v\u1edbi d\u1ecbch v\u1ee5 c\u1eaft t\u00f3c ch\u1ea5t l\u01b0\u1ee3ng cao m\u00e0 c\u00f2n \u0111\u01b0\u1ee3c bi\u1ebft \u0111\u1ebfn v\u1edbi k\u1ef9 thu\u1eadt ph\u1ee5c h\u1ed3i t\u00f3c chuy\u00ean s\u00e2u, gi\u00fap kh\u00e1ch h\u00e0ng s\u1edf h\u1eefu m\u00e1i t\u00f3c kh\u1ecfe m\u1ea1nh, m\u1ec1m m\u01b0\u1ee3t ngay c\u1ea3 khi t\u00f3c ban \u0111\u1ea7u c\u00f3 b\u1ecb x\u01a1 r\u1ed1i.<\/p><p class=\"reveal active\">T\u1ea1i Viet Boss, ch\u00fang t\u00f4i tin r\u1eb1ng m\u1ed7i ki\u1ec3u t\u00f3c l\u00e0 m\u1ed9t t\u00e1c ph\u1ea9m ngh\u1ec7 thu\u1eadt ph\u1ea3n \u00e1nh c\u00e1 t\u00ednh ri\u00eang bi\u1ec7t. V\u1edbi h\u01a1n 10 n\u0103m kinh nghi\u1ec7m, ch\u00fang t\u00f4i t\u1ef1 h\u00e0o mang \u0111\u1ebfn nh\u1eefng gi\u1ea3i ph\u00e1p t\u1ea1o m\u1eabu t\u00f3c chu\u1ea9n Quiet Luxury, n\u00e2ng t\u1ea7m v\u1ebb \u0111\u1eb9p t\u1ef1 nhi\u00ean c\u1ee7a ph\u1ee5 n\u1eef Vi\u1ec7t.<\/p>\t\t\t\t\t\t\t\t<\/div>\n\t\t\t\t<\/div>\n\t\t<div class=\"elementor-element elementor-element-1802bda e-con-full e-flex e-con e-child\" data-id=\"1802bda\" data-element_type=\"container\">\n\t\t\t\t<div class=\"elementor-element elementor-element-73ca3b6 elementor-widget elementor-widget-image\" data-id=\"73ca3b6\" data-element_type=\"widget\" data-widget_type=\"image.default\">\n\t\t\t\t\t\t\t\t\t\t\t\t\t\t\t<img fetchpriority=\"high\" decoding=\"async\" width=\"1024\" height=\"768\" src=\"https:\/\/tindung.adsdigi.com\/wp-content\/uploads\/2026\/04\/z7737393073128_c6697a2925a9a6b3c06a8ae3b3ea1e00-1024x768.jpg\" class=\"attachment-large size-large wp-image-36\" alt=\"\" srcset=\"https:\/\/tindung.adsdigi.com\/wp-content\/uploads\/2026\/04\/z7737393073128_c6697a2925a9a6b3c06a8ae3b3ea1e00-1024x768.jpg 1024w, https:\/\/tindung.adsdigi.com\/wp-content\/uploads\/2026\/04\/z7737393073128_c6697a2925a9a6b3c06a8ae3b3ea1e00-300x225.jpg 300w, https:\/\/tindung.adsdigi.com\/wp-content\/uploads\/2026\/04\/z7737393073128_c6697a2925a9a6b3c06a8ae3b3ea1e00-768x576.jpg 768w, https:\/\/tindung.adsdigi.com\/wp-content\/uploads\/2026\/04\/z7737393073128_c6697a2925a9a6b3c06a8ae3b3ea1e00-1536x1152.jpg 1536w, https:\/\/tindung.adsdigi.com\/wp-content\/uploads\/2026\/04\/z7737393073128_c6697a2925a9a6b3c06a8ae3b3ea1e00.jpg 2000w\" sizes=\"(max-width: 1024px) 100vw, 1024px\" \/>\t\t\t\t\t\t\t\t\t\t\t\t\t\t\t<\/div>\n\t\t\t\t<\/div>\n\t\t\t\t<\/div>\n\t\t\t\t\t<\/div>\n\t\t\t\t<\/div>\n\t\t<div class=\"elementor-element elementor-element-da07139 e-flex e-con-boxed e-con e-parent\" data-id=\"da07139\" data-element_type=\"container\" data-settings=\"{&quot;background_background&quot;:&quot;slideshow&quot;,&quot;background_slideshow_gallery&quot;:[{&quot;id&quot;:40,&quot;url&quot;:&quot;https:\\\/\\\/tindung.adsdigi.com\\\/wp-content\\\/uploads\\\/2026\\\/04\\\/z7737393067049_23540c2bdcfd7347b8be6bd14d98b585.jpg&quot;}],&quot;background_slideshow_loop&quot;:&quot;yes&quot;,&quot;background_slideshow_slide_duration&quot;:5000,&quot;background_slideshow_slide_transition&quot;:&quot;fade&quot;,&quot;background_slideshow_transition_duration&quot;:500}\">\n\t\t\t\t\t<div class=\"e-con-inner\">\n\t\t\t\t<div class=\"elementor-element elementor-element-77fe144 elementor-widget elementor-widget-heading\" data-id=\"77fe144\" data-element_type=\"widget\" data-widget_type=\"heading.default\">\n\t\t\t\t\t<h2 class=\"elementor-heading-title elementor-size-default\">D\u1ecaCH V\u1ee4 \n<\/br>\nCHUY\u00caN NGHI\u1ec6P<\/h2>\t\t\t\t<\/div>\n\t\t<div class=\"elementor-element elementor-element-543bc01 e-con-full e-flex e-con e-child\" data-id=\"543bc01\" data-element_type=\"container\">\n\t\t\t\t<div class=\"elementor-element elementor-element-cb525b6 elementor-widget elementor-widget-html\" data-id=\"cb525b6\" data-element_type=\"widget\" data-widget_type=\"html.default\">\n\t\t\t\t\t<section class=\"services-section\">\r\n  <div class=\"services-grid\">\r\n    <div class=\"service-card\">\r\n      <div class=\"icon-box icon-pink\">\u2702<\/div>\r\n      <h3>C\u1eaft T\u1ea1o Ki\u1ec3u<\/h3>\r\n      <p>T\u01b0 v\u1ea5n form ph\u00f9 h\u1ee3p khu\u00f4n m\u1eb7t, c\u1eaft ch\u00ednh x\u00e1c t\u1ec9 l\u1ec7, t\u1ea1o n\u00ean phong c\u00e1ch ri\u00eang bi\u1ec7t.<\/p>\r\n    <\/div>\r\n\r\n    <div class=\"service-card\">\r\n      <div class=\"icon-box icon-blue\">\ud83c\udf00<\/div>\r\n      <h3>U\u1ed1n T\u00f3c<\/h3>\r\n      <p>Gi\u1eef n\u1ebfp b\u1ec1n, \u0111a d\u1ea1ng ki\u1ec3u t\u1eeb xo\u0103n nh\u1eb9 \u0111\u1ebfn s\u00f3ng l\u1edbn, ph\u00f9 h\u1ee3p m\u1ecdi lo\u1ea1i t\u00f3c.<\/p>\r\n    <\/div>\r\n\r\n    <div class=\"service-card\">\r\n      <div class=\"icon-box icon-gray\">\u3030<\/div>\r\n      <h3>Du\u1ed7i T\u00f3c<\/h3>\r\n      <p>T\u00f3c th\u1eb3ng m\u01b0\u1ee3t, k\u1ef9 thu\u1eadt \u0111\u1ea3m b\u1ea3o \u0111\u1ed9 b\u00f3ng t\u1ef1 nhi\u00ean, kh\u00f4ng g\u00e2y kh\u00f4 x\u01a1.<\/p>\r\n    <\/div>\r\n\r\n    <div class=\"service-card\">\r\n      <div class=\"icon-box icon-peach\">\ud83c\udfa8<\/div>\r\n      <h3>Nhu\u1ed9m T\u00f3c<\/h3>\r\n      <p>M\u00e0u s\u1eafc \u0111a d\u1ea1ng, t\u1eeb t\u00f4ng c\u00f4ng s\u1edf tinh t\u1ebf \u0111\u1ebfn m\u00e0u th\u1eddi trang c\u00e1 t\u00ednh n\u1ed5i b\u1eadt.<\/p>\r\n    <\/div>\r\n\r\n    <div class=\"service-card\">\r\n      <div class=\"icon-box icon-orange\">\u26a1<\/div>\r\n      <h3>T\u1ea9y T\u00f3c<\/h3>\r\n      <p>X\u1eed l\u00fd chuy\u00ean s\u00e2u, b\u1ea3o v\u1ec7 t\u1ed1i \u0111a c\u1ea5u tr\u00fac t\u00f3c trong su\u1ed1t qu\u00e1 tr\u00ecnh t\u1ea9y.<\/p>\r\n    <\/div>\r\n\r\n    <div class=\"service-card\">\r\n      <div class=\"icon-box icon-white\">\ud83d\udd17<\/div>\r\n      <h3>N\u1ed1i T\u00f3c<\/h3>\r\n      <p>M\u1ed1i t\u1ef1 nhi\u00ean, b\u1ec1n ch\u1eafc, kh\u00f4ng l\u1ed9 m\u1ed1i, gi\u00fap t\u00f3c d\u00e0i v\u00e0 d\u00e0y nh\u01b0 \u00fd mu\u1ed1n.<\/p>\r\n    <\/div>\r\n  <\/div>\r\n<\/section>\t\t\t\t<\/div>\n\t\t\t\t<\/div>\n\t\t\t\t<div class=\"elementor-element elementor-element-1c2b4f5 elementor-widget elementor-widget-heading\" data-id=\"1c2b4f5\" data-element_type=\"widget\" data-widget_type=\"heading.default\">\n\t\t\t\t\t<h2 class=\"elementor-heading-title elementor-size-default\">B\u1ea2NG GI\u00c1\n<br>\nC\u00c1C D\u1ecaCH V\u1ee4 T\u1ea0I QU\u1ea6Y<\/h2>\t\t\t\t<\/div>\n\t\t\t\t\t<\/div>\n\t\t\t\t<\/div>\n\t\t\t\t<\/div>\n\t\t","protected":false},"excerpt":{"rendered":"<p>N\u01a1i V\u1ebb \u0110\u1eb9pTr\u1edf Th\u00e0nhNGH\u1ec6 THU\u1eacT Viet Boss Beauty Salon Hair &amp; Tattoo \u2013 \u0110\u1ecba ch\u1ec9 c\u1eaft t\u00f3c ng\u1eafn &amp; ph\u1ee5c [&hellip;]<\/p>\n","protected":false},"author":1,"featured_media":0,"parent":0,"menu_order":0,"comment_status":"closed","ping_status":"closed","template":"","meta":{"site-sidebar-layout":"no-sidebar","site-content-layout":"","ast-site-content-layout":"full-width-container","site-content-style":"default","site-sidebar-style":"default","ast-global-header-display":"","ast-banner-title-visibility":"","ast-main-header-display":"","ast-hfb-above-header-display":"","ast-hfb-below-header-display":"","ast-hfb-mobile-header-display":"","site-post-title":"","ast-breadcrumbs-content":"","ast-featured-img":"disabled","footer-sml-layout":"","ast-disable-related-posts":"","theme-transparent-header-meta":"","adv-header-id-meta":"","stick-header-meta":"","header-above-stick-meta":"","header-main-stick-meta":"","header-below-stick-meta":"","astra-migrate-meta-layouts":"default","ast-page-background-enabled":"default","ast-page-background-meta":{"desktop":{"background-color":"var(--ast-global-color-5)","background-image":"","background-repeat":"repeat","background-position":"center center","background-size":"auto","background-attachment":"scroll","background-type":"","background-media":"","overlay-type":"","overlay-color":"","overlay-opacity":"","overlay-gradient":""},"tablet":{"background-color":"","background-image":"","background-repeat":"repeat","background-position":"center center","background-size":"auto","background-attachment":"scroll","background-type":"","background-media":"","overlay-type":"","overlay-color":"","overlay-opacity":"","overlay-gradient":""},"mobile":{"background-color":"","background-image":"","background-repeat":"repeat","background-position":"center center","background-size":"auto","background-attachment":"scroll","background-type":"","background-media":"","overlay-type":"","overlay-color":"","overlay-opacity":"","overlay-gradient":""}},"ast-content-background-meta":{"desktop":{"background-color":"var(--ast-global-color-4)","background-image":"","background-repeat":"repeat","background-position":"center center","background-size":"auto","background-attachment":"scroll","background-type":"","background-media":"","overlay-type":"","overlay-color":"","overlay-opacity":"","overlay-gradient":""},"tablet":{"background-color":"var(--ast-global-color-4)","background-image":"","background-repeat":"repeat","background-position":"center center","background-size":"auto","background-attachment":"scroll","background-type":"","background-media":"","overlay-type":"","overlay-color":"","overlay-opacity":"","overlay-gradient":""},"mobile":{"background-color":"var(--ast-global-color-4)","background-image":"","background-repeat":"repeat","background-position":"center center","background-size":"auto","background-attachment":"scroll","background-type":"","background-media":"","overlay-type":"","overlay-color":"","overlay-opacity":"","overlay-gradient":""}},"footnotes":""},"class_list":["post-9","page","type-page","status-publish","hentry"],"_links":{"self":[{"href":"https:\/\/tindung.adsdigi.com\/index.php?rest_route=\/wp\/v2\/pages\/9","targetHints":{"allow":["GET"]}}],"collection":[{"href":"https:\/\/tindung.adsdigi.com\/index.php?rest_route=\/wp\/v2\/pages"}],"about":[{"href":"https:\/\/tindung.adsdigi.com\/index.php?rest_route=\/wp\/v2\/types\/page"}],"author":[{"embeddable":true,"href":"https:\/\/tindung.adsdigi.com\/index.php?rest_route=\/wp\/v2\/users\/1"}],"replies":[{"embeddable":true,"href":"https:\/\/tindung.adsdigi.com\/index.php?rest_route=%2Fwp%2Fv2%2Fcomments&post=9"}],"version-history":[{"count":22,"href":"https:\/\/tindung.adsdigi.com\/index.php?rest_route=\/wp\/v2\/pages\/9\/revisions"}],"predecessor-version":[{"id":51,"href":"https:\/\/tindung.adsdigi.com\/index.php?rest_route=\/wp\/v2\/pages\/9\/revisions\/51"}],"wp:attachment":[{"href":"https:\/\/tindung.adsdigi.com\/index.php?rest_route=%2Fwp%2Fv2%2Fmedia&parent=9"}],"curies":[{"name":"wp","href":"https:\/\/api.w.org\/{rel}","templated":true}]}}